{"id":9,"date":"2019-08-04T19:14:11","date_gmt":"2019-08-04T17:14:11","guid":{"rendered":"http:\/\/finnems.fi\/?page_id=9"},"modified":"2020-04-12T21:57:16","modified_gmt":"2020-04-12T19:57:16","slug":"tietoja","status":"publish","type":"page","link":"https:\/\/finnems.fi\/index.php\/tietoja\/","title":{"rendered":"Tietoja"},"content":{"rendered":"<p>Oletko terveydenhuollon ammattilainen, joka haluaisi esitell\u00e4 itsens\u00e4 ja t\u00f6it\u00e4ns\u00e4 t\u00e4\u00e4ll\u00e4. Tai ehk\u00e4 sinulla on kuvailua kaipaava yritys.\u00a0<a href=\"http:\/\/finnems.fi\/index.php\/ota-yhteytta\/\">Ota rohkeati yhteytt\u00e4!<\/a><\/p>\n","protected":false},"excerpt":{"rendered":"<p>Oletko terveydenhuollon ammattilainen, joka haluaisi esitell\u00e4 itsens\u00e4 ja t\u00f6it\u00e4ns\u00e4 t\u00e4\u00e4ll\u00e4. Tai ehk\u00e4 sinulla on kuvailua kaipaava yritys.\u00a0Ota rohkeati yhteytt\u00e4!<\/p>\n","protected":false},"author":1,"featured_media":0,"parent":0,"menu_order":0,"comment_status":"closed","ping_status":"closed","template":"","meta":[],"_links":{"self":[{"href":"https:\/\/finnems.fi\/index.php\/wp-json\/wp\/v2\/pages\/9"}],"collection":[{"href":"https:\/\/finnems.fi\/index.php\/wp-json\/wp\/v2\/pages"}],"about":[{"href":"https:\/\/finnems.fi\/index.php\/wp-json\/wp\/v2\/types\/page"}],"author":[{"embeddable":true,"href":"https:\/\/finnems.fi\/index.php\/wp-json\/wp\/v2\/users\/1"}],"replies":[{"embeddable":true,"href":"https:\/\/finnems.fi\/index.php\/wp-json\/wp\/v2\/comments?post=9"}],"version-history":[{"count":4,"href":"https:\/\/finnems.fi\/index.php\/wp-json\/wp\/v2\/pages\/9\/revisions"}],"predecessor-version":[{"id":54,"href":"https:\/\/finnems.fi\/index.php\/wp-json\/wp\/v2\/pages\/9\/revisions\/54"}],"wp:attachment":[{"href":"https:\/\/finnems.fi\/index.php\/wp-json\/wp\/v2\/media?parent=9"}],"curies":[{"name":"wp","href":"https:\/\/api.w.org\/{rel}","templated":true}]}}